{"id":2471,"date":"2023-05-02T12:00:04","date_gmt":"2023-05-02T12:00:04","guid":{"rendered":"https:\/\/roentgen.polymed.ch\/occasions\/"},"modified":"2025-06-16T15:15:29","modified_gmt":"2025-06-16T13:15:29","slug":"occasions","status":"publish","type":"page","link":"https:\/\/ultraschall.polymed.ch\/fr\/occasions\/","title":{"rendered":"Occasions"},"content":{"rendered":"<p>[et_pb_section fb_built=\u00a0\u00bb1&Prime; module_id=\u00a0\u00bbprodukte\u00a0\u00bb _builder_version=\u00a0\u00bb4.20.0&Prime; _module_preset=\u00a0\u00bbdefault\u00a0\u00bb background_color=\u00a0\u00bb#FFFFFF\u00a0\u00bb custom_padding=\u00a0\u00bb0px||||false|false\u00a0\u00bb da_disable_devices=\u00a0\u00bboff|off|off\u00a0\u00bb locked=\u00a0\u00bboff\u00a0\u00bb global_colors_info=\u00a0\u00bb{}\u00a0\u00bb da_is_popup=\u00a0\u00bboff\u00a0\u00bb da_exit_intent=\u00a0\u00bboff\u00a0\u00bb da_has_close=\u00a0\u00bbon\u00a0\u00bb da_alt_close=\u00a0\u00bboff\u00a0\u00bb da_dark_close=\u00a0\u00bboff\u00a0\u00bb da_not_modal=\u00a0\u00bbon\u00a0\u00bb da_is_singular=\u00a0\u00bboff\u00a0\u00bb da_with_loader=\u00a0\u00bboff\u00a0\u00bb da_has_shadow=\u00a0\u00bbon\u00a0\u00bb][et_pb_row admin_label=\u00a0\u00bbWillkommen\u00a0\u00bb _builder_version=\u00a0\u00bb4.20.2&Prime; _module_preset=\u00a0\u00bbdefault\u00a0\u00bb custom_padding=\u00a0\u00bb|||0px|false|false\u00a0\u00bb locked=\u00a0\u00bboff\u00a0\u00bb global_colors_info=\u00a0\u00bb{}\u00a0\u00bb][et_pb_column type=\u00a0\u00bb4_4&Prime; _builder_version=\u00a0\u00bb4.19.4&Prime; _module_preset=\u00a0\u00bbdefault\u00a0\u00bb global_colors_info=\u00a0\u00bb{}\u00a0\u00bb][et_pb_button button_url=\u00a0\u00bb\/#occasionen\u00a0\u00bb button_text=\u00a0\u00bbHome\u00a0\u00bb _builder_version=\u00a0\u00bb4.21.0&Prime; _module_preset=\u00a0\u00bbdefault\u00a0\u00bb custom_button=\u00a0\u00bbon\u00a0\u00bb button_text_size=\u00a0\u00bb16px\u00a0\u00bb button_text_color=\u00a0\u00bbgcid-cc81b754-fbdf-4090-a821-2a067d6ee9d1&Prime; button_border_width=\u00a0\u00bb0px\u00a0\u00bb button_border_radius=\u00a0\u00bb0px\u00a0\u00bb button_icon=\u00a0\u00bb&#x23;||divi||400&Prime; button_icon_placement=\u00a0\u00bbleft\u00a0\u00bb button_on_hover=\u00a0\u00bboff\u00a0\u00bb global_colors_info=\u00a0\u00bb{%22gcid-cc81b754-fbdf-4090-a821-2a067d6ee9d1%22:%91%22button_text_color%22%93}\u00a0\u00bb][\/et_pb_button][\/et_pb_column][\/et_pb_row][et_pb_row admin_label=\u00a0\u00bbWillkommen\u00a0\u00bb _builder_version=\u00a0\u00bb4.19.4&Prime; _module_preset=\u00a0\u00bbdefault\u00a0\u00bb custom_padding=\u00a0\u00bb|||15px|false|false\u00a0\u00bb global_colors_info=\u00a0\u00bb{}\u00a0\u00bb][et_pb_column type=\u00a0\u00bb4_4&Prime; _builder_version=\u00a0\u00bb4.19.4&Prime; _module_preset=\u00a0\u00bbdefault\u00a0\u00bb global_colors_info=\u00a0\u00bb{}\u00a0\u00bb][et_pb_text admin_label=\u00a0\u00bbWillkommen\u00a0\u00bb _builder_version=\u00a0\u00bb4.20.0&Prime; text_font=\u00a0\u00bbOpen Sans|600|||||||\u00a0\u00bb text_font_size=\u00a0\u00bb16px\u00a0\u00bb text_line_height=\u00a0\u00bb1.8em\u00a0\u00bb header_font=\u00a0\u00bbPoppins|600|||||||\u00a0\u00bb header_font_size=\u00a0\u00bb36px\u00a0\u00bb header_line_height=\u00a0\u00bb1.4em\u00a0\u00bb background_layout=\u00a0\u00bbdark\u00a0\u00bb global_colors_info=\u00a0\u00bb{}\u00a0\u00bb]<\/p>\n<h1 style=\"text-align: left;\"><span style=\"color: #0a0a0a;\">Occasionen<\/span><\/h1>\n<p>[\/et_pb_text][\/et_pb_column][\/et_pb_row][et_pb_row column_structure=\u00a0\u00bb1_2,1_2&Prime; _builder_version=\u00a0\u00bb4.21.0&Prime; _module_preset=\u00a0\u00bbdefault\u00a0\u00bb custom_padding=\u00a0\u00bb||10px|15px|false|false\u00a0\u00bb custom_css_main_element=\u00a0\u00bbdisplay: flex;||flex-wrap: wrap;\u00a0\u00bb global_colors_info=\u00a0\u00bb{}\u00a0\u00bb custom_css_main_element_last_edited=\u00a0\u00bboff|desktop\u00a0\u00bb][et_pb_column type=\u00a0\u00bb1_2&Prime; _builder_version=\u00a0\u00bb4.19.4&Prime; _module_preset=\u00a0\u00bbdefault\u00a0\u00bb global_colors_info=\u00a0\u00bb{}\u00a0\u00bb][et_pb_text _builder_version=\u00a0\u00bb4.20.2&Prime; _module_preset=\u00a0\u00bbdefault\u00a0\u00bb text_font=\u00a0\u00bb|700|||||||\u00a0\u00bb text_text_color=\u00a0\u00bbgcid-cc81b754-fbdf-4090-a821-2a067d6ee9d1&Prime; text_font_size=\u00a0\u00bb22px\u00a0\u00bb header_font=\u00a0\u00bbPoppins||||||||\u00a0\u00bb header_text_color=\u00a0\u00bbgcid-cc81b754-fbdf-4090-a821-2a067d6ee9d1&Prime; global_colors_info=\u00a0\u00bb{%22gcid-cc81b754-fbdf-4090-a821-2a067d6ee9d1%22:%91%22header_text_color%22,%22text_text_color%22%93}\u00a0\u00bb]<\/p>\n<p>Direkt digitales R\u00f6ntgensystem Modell DR-3<\/p>\n<p>[\/et_pb_text][et_pb_text _builder_version=\u00a0\u00bb4.21.0&Prime; _module_preset=\u00a0\u00bbdefault\u00a0\u00bb global_colors_info=\u00a0\u00bb{}\u00a0\u00bb]<\/p>\n<p><span>Das Flat Panel DR-3 System ist f\u00fcr jede Arztpraxis geeignet, die sich auf \u00abdirekt-digitales R\u00f6ntgen\u00bb fokussiert. Bereits wenige Sekunden nach der Aufnahme stehen die Bilder dem Benutzer auf dem Bildschirm zum Befunden zur Verf\u00fcgung. F\u00fcr die h\u00f6chste Bildaufl\u00f6sung der R\u00f6ntgenbilder bei gleichzeitig geringer Dosis werden von uns die modernsten Vollfeld Detektoren im Format 43 \u00d7 43 cm verwendet. Bereits ab zwei Aufnahmen pro Tag gewinnbringend, eignet sich das System als Neuanschaffung oder als Ersatz eines alten bestehenden Systems. Schneller, komfortabler, einfacher und kosteneffizienter k\u00f6nnen Sie nicht r\u00f6ntgen.<\/span><\/p>\n<p>[\/et_pb_text][et_pb_blurb use_icon=\u00a0\u00bbon\u00a0\u00bb font_icon=\u00a0\u00bb&#x3d;||divi||400&Prime; icon_color=\u00a0\u00bbgcid-cc81b754-fbdf-4090-a821-2a067d6ee9d1&Prime; image_icon_background_color=\u00a0\u00bbRGBA(255,255,255,0)\u00a0\u00bb icon_placement=\u00a0\u00bbleft\u00a0\u00bb image_icon_width=\u00a0\u00bb25px\u00a0\u00bb _builder_version=\u00a0\u00bb4.21.0&Prime; _module_preset=\u00a0\u00bbdefault\u00a0\u00bb body_text_align=\u00a0\u00bbleft\u00a0\u00bb custom_margin=\u00a0\u00bb||15px||false|false\u00a0\u00bb custom_padding=\u00a0\u00bb||0px||false|false\u00a0\u00bb animation=\u00a0\u00bboff\u00a0\u00bb body_text_align_tablet=\u00a0\u00bbleft\u00a0\u00bb body_text_align_phone=\u00a0\u00bbleft\u00a0\u00bb body_text_align_last_edited=\u00a0\u00bbon|desktop\u00a0\u00bb global_colors_info=\u00a0\u00bb{%22gcid-cc81b754-fbdf-4090-a821-2a067d6ee9d1%22:%91%22icon_color%22,%22icon_color%22,%22icon_color%22,%22icon_color%22,%22icon_color%22,%22icon_color%22%93}\u00a0\u00bb]<\/p>\n<p>Voll integrierte Organautomatik in der Akquisitionssoftware frei programmierbar<\/p>\n<p>[\/et_pb_blurb][et_pb_blurb use_icon=\u00a0\u00bbon\u00a0\u00bb font_icon=\u00a0\u00bb&#x3d;||divi||400&Prime; icon_color=\u00a0\u00bbgcid-cc81b754-fbdf-4090-a821-2a067d6ee9d1&Prime; image_icon_background_color=\u00a0\u00bbRGBA(255,255,255,0)\u00a0\u00bb icon_placement=\u00a0\u00bbleft\u00a0\u00bb image_icon_width=\u00a0\u00bb25px\u00a0\u00bb _builder_version=\u00a0\u00bb4.21.0&Prime; _module_preset=\u00a0\u00bbdefault\u00a0\u00bb body_text_align=\u00a0\u00bbleft\u00a0\u00bb custom_margin=\u00a0\u00bb||15px||false|false\u00a0\u00bb custom_padding=\u00a0\u00bb||0px||false|false\u00a0\u00bb animation=\u00a0\u00bboff\u00a0\u00bb body_text_align_tablet=\u00a0\u00bbleft\u00a0\u00bb body_text_align_phone=\u00a0\u00bbleft\u00a0\u00bb body_text_align_last_edited=\u00a0\u00bbon|desktop\u00a0\u00bb global_colors_info=\u00a0\u00bb{%22gcid-cc81b754-fbdf-4090-a821-2a067d6ee9d1%22:%91%22icon_color%22,%22icon_color%22,%22icon_color%22,%22icon_color%22,%22icon_color%22,%22icon_color%22,%22icon_color%22,%22icon_color%22%93}\u00a0\u00bb]<\/p>\n<p>AEC Funktion, d.h. Belichtungsautomatik mit Carbon 3-Feld-Messkammer<\/p>\n<p>[\/et_pb_blurb][et_pb_blurb use_icon=\u00a0\u00bbon\u00a0\u00bb font_icon=\u00a0\u00bb&#x3d;||divi||400&Prime; icon_color=\u00a0\u00bbgcid-cc81b754-fbdf-4090-a821-2a067d6ee9d1&Prime; image_icon_background_color=\u00a0\u00bbRGBA(255,255,255,0)\u00a0\u00bb icon_placement=\u00a0\u00bbleft\u00a0\u00bb image_icon_width=\u00a0\u00bb25px\u00a0\u00bb _builder_version=\u00a0\u00bb4.21.0&Prime; _module_preset=\u00a0\u00bbdefault\u00a0\u00bb body_text_align=\u00a0\u00bbleft\u00a0\u00bb custom_margin=\u00a0\u00bb||15px||false|false\u00a0\u00bb custom_padding=\u00a0\u00bb||0px||false|false\u00a0\u00bb animation=\u00a0\u00bboff\u00a0\u00bb body_text_align_tablet=\u00a0\u00bbleft\u00a0\u00bb body_text_align_phone=\u00a0\u00bbleft\u00a0\u00bb body_text_align_last_edited=\u00a0\u00bbon|desktop\u00a0\u00bb global_colors_info=\u00a0\u00bb{%22gcid-cc81b754-fbdf-4090-a821-2a067d6ee9d1%22:%91%22icon_color%22,%22icon_color%22,%22icon_color%22,%22icon_color%22,%22icon_color%22,%22icon_color%22,%22icon_color%22,%22icon_color%22%93}\u00a0\u00bb]<\/p>\n<p>Wenige Sekunden nach der Aufnahme ist das R\u00f6ntgenbild verf\u00fcgbar<\/p>\n<p>[\/et_pb_blurb][et_pb_blurb use_icon=\u00a0\u00bbon\u00a0\u00bb font_icon=\u00a0\u00bb&#x3d;||divi||400&Prime; icon_color=\u00a0\u00bbgcid-cc81b754-fbdf-4090-a821-2a067d6ee9d1&Prime; image_icon_background_color=\u00a0\u00bbRGBA(255,255,255,0)\u00a0\u00bb icon_placement=\u00a0\u00bbleft\u00a0\u00bb image_icon_width=\u00a0\u00bb25px\u00a0\u00bb _builder_version=\u00a0\u00bb4.21.0&Prime; _module_preset=\u00a0\u00bbdefault\u00a0\u00bb body_text_align=\u00a0\u00bbleft\u00a0\u00bb custom_margin=\u00a0\u00bb||15px||false|false\u00a0\u00bb custom_padding=\u00a0\u00bb||0px||false|false\u00a0\u00bb animation=\u00a0\u00bboff\u00a0\u00bb body_text_align_tablet=\u00a0\u00bbleft\u00a0\u00bb body_text_align_phone=\u00a0\u00bbleft\u00a0\u00bb body_text_align_last_edited=\u00a0\u00bbon|desktop\u00a0\u00bb global_colors_info=\u00a0\u00bb{%22gcid-cc81b754-fbdf-4090-a821-2a067d6ee9d1%22:%91%22icon_color%22,%22icon_color%22,%22icon_color%22,%22icon_color%22,%22icon_color%22,%22icon_color%22,%22icon_color%22,%22icon_color%22%93}\u00a0\u00bb]<\/p>\n<p>Datenverwaltung im internationalen Standardformat DICOM<\/p>\n<p>[\/et_pb_blurb][\/et_pb_column][et_pb_column type=\u00a0\u00bb1_2&Prime; _builder_version=\u00a0\u00bb4.19.4&Prime; _module_preset=\u00a0\u00bbdefault\u00a0\u00bb global_colors_info=\u00a0\u00bb{}\u00a0\u00bb][et_pb_image src=\u00a0\u00bbhttps:\/\/rkz.polymed.ch\/wp-content\/uploads\/2023\/05\/DR-3_Roentgensystem_1.webp\u00a0\u00bb title_text=\u00a0\u00bbDR-3_Roentgensystem_1&Prime; _builder_version=\u00a0\u00bb4.21.0&Prime; _module_preset=\u00a0\u00bbdefault\u00a0\u00bb global_colors_info=\u00a0\u00bb{}\u00a0\u00bb][\/et_pb_image][\/et_pb_column][\/et_pb_row][et_pb_row column_structure=\u00a0\u00bb1_4,1_4,1_4,1_4&Prime; _builder_version=\u00a0\u00bb4.21.0&Prime; _module_preset=\u00a0\u00bbdefault\u00a0\u00bb custom_margin=\u00a0\u00bb25px|auto||auto||\u00a0\u00bb global_colors_info=\u00a0\u00bb{}\u00a0\u00bb][et_pb_column type=\u00a0\u00bb1_4&Prime; _builder_version=\u00a0\u00bb4.21.0&Prime; _module_preset=\u00a0\u00bbdefault\u00a0\u00bb global_colors_info=\u00a0\u00bb{}\u00a0\u00bb][ba_card use_icon=\u00a0\u00bbon\u00a0\u00bb icon=\u00a0\u00bb&#xe06b;||divi||400&Prime; description=\u00a0\u00bb<\/p>\n<p><strong>Alter des R\u00f6ntgensystems:<\/strong><br \/>8 Jahre<\/p>\n<p>\u00a0\u00bb icon_color=\u00a0\u00bb#FFFFFF\u00a0\u00bb icon_size=\u00a0\u00bb32px\u00a0\u00bb icon_padding=\u00a0\u00bb25px|25px|10px|25px|false|false\u00a0\u00bb content_alignment=\u00a0\u00bbcenter\u00a0\u00bb module_class=\u00a0\u00bbcard-occasion\u00a0\u00bb _builder_version=\u00a0\u00bb4.21.0&Prime; _module_preset=\u00a0\u00bbdefault\u00a0\u00bb description_text_color=\u00a0\u00bb#FFFFFF\u00a0\u00bb background_color=\u00a0\u00bbgcid-cc81b754-fbdf-4090-a821-2a067d6ee9d1&Prime; border_radii_card=\u00a0\u00bbon|10px|10px|10px|10px\u00a0\u00bb border_width_all_card=\u00a0\u00bb0px\u00a0\u00bb box_shadow_style=\u00a0\u00bbpreset1&Prime; box_shadow_vertical=\u00a0\u00bb1px\u00a0\u00bb box_shadow_spread=\u00a0\u00bb-3px\u00a0\u00bb global_colors_info=\u00a0\u00bb{%22gcid-cc81b754-fbdf-4090-a821-2a067d6ee9d1%22:%91%22border_color_all_card__hover%22,%22background_color%22%93}\u00a0\u00bb box_shadow_color__hover=\u00a0\u00bbrgba(0,0,0,0.3)\u00a0\u00bb box_shadow_color__hover_enabled=\u00a0\u00bbon|desktop\u00a0\u00bb][\/ba_card][\/et_pb_column][et_pb_column type=\u00a0\u00bb1_4&Prime; _builder_version=\u00a0\u00bb4.21.0&Prime; _module_preset=\u00a0\u00bbdefault\u00a0\u00bb global_colors_info=\u00a0\u00bb{}\u00a0\u00bb][ba_card use_icon=\u00a0\u00bbon\u00a0\u00bb icon=\u00a0\u00bb&#xe052;||divi||400&Prime; description=\u00a0\u00bb<\/p>\n<p><strong>Zustand:<\/strong><br \/>Sehr gut<\/p>\n<p>\u00a0\u00bb icon_color=\u00a0\u00bb#FFFFFF\u00a0\u00bb icon_size=\u00a0\u00bb32px\u00a0\u00bb icon_padding=\u00a0\u00bb25px|25px|10px|25px|false|false\u00a0\u00bb content_alignment=\u00a0\u00bbcenter\u00a0\u00bb module_class=\u00a0\u00bbcard-occasion\u00a0\u00bb _builder_version=\u00a0\u00bb4.21.0&Prime; _module_preset=\u00a0\u00bbdefault\u00a0\u00bb description_text_color=\u00a0\u00bb#FFFFFF\u00a0\u00bb background_color=\u00a0\u00bbgcid-cc81b754-fbdf-4090-a821-2a067d6ee9d1&Prime; border_radii_card=\u00a0\u00bbon|10px|10px|10px|10px\u00a0\u00bb border_width_all_card=\u00a0\u00bb0px\u00a0\u00bb box_shadow_style=\u00a0\u00bbpreset1&Prime; box_shadow_vertical=\u00a0\u00bb1px\u00a0\u00bb box_shadow_spread=\u00a0\u00bb-3px\u00a0\u00bb global_colors_info=\u00a0\u00bb{%22gcid-cc81b754-fbdf-4090-a821-2a067d6ee9d1%22:%91%22border_color_all_card__hover%22,%22background_color%22,%22border_color_all_card__hover%22%93}\u00a0\u00bb box_shadow_color__hover=\u00a0\u00bbrgba(0,0,0,0.3)\u00a0\u00bb box_shadow_color__hover_enabled=\u00a0\u00bbon|desktop\u00a0\u00bb][\/ba_card][\/et_pb_column][et_pb_column type=\u00a0\u00bb1_4&Prime; _builder_version=\u00a0\u00bb4.21.0&Prime; _module_preset=\u00a0\u00bbdefault\u00a0\u00bb global_colors_info=\u00a0\u00bb{}\u00a0\u00bb][ba_card use_icon=\u00a0\u00bbon\u00a0\u00bb icon=\u00a0\u00bb&#xe05c;||fa||900&Prime; description=\u00a0\u00bb<\/p>\n<p><strong>Verf\u00fcgbarkeit:<\/strong><br \/>Ab sofort*<\/p>\n<p>\u00a0\u00bb icon_color=\u00a0\u00bb#FFFFFF\u00a0\u00bb icon_size=\u00a0\u00bb32px\u00a0\u00bb icon_padding=\u00a0\u00bb25px|25px|10px|25px|false|false\u00a0\u00bb content_alignment=\u00a0\u00bbcenter\u00a0\u00bb module_class=\u00a0\u00bbcard-occasion\u00a0\u00bb _builder_version=\u00a0\u00bb4.21.0&Prime; _module_preset=\u00a0\u00bbdefault\u00a0\u00bb description_text_color=\u00a0\u00bb#FFFFFF\u00a0\u00bb background_color=\u00a0\u00bbgcid-cc81b754-fbdf-4090-a821-2a067d6ee9d1&Prime; custom_margin=\u00a0\u00bb||8px|||\u00a0\u00bb border_radii_card=\u00a0\u00bbon|10px|10px|10px|10px\u00a0\u00bb border_width_all_card=\u00a0\u00bb0px\u00a0\u00bb box_shadow_style=\u00a0\u00bbpreset1&Prime; box_shadow_vertical=\u00a0\u00bb1px\u00a0\u00bb box_shadow_spread=\u00a0\u00bb-3px\u00a0\u00bb global_colors_info=\u00a0\u00bb{%22gcid-cc81b754-fbdf-4090-a821-2a067d6ee9d1%22:%91%22border_color_all_card__hover%22,%22background_color%22,%22border_color_all_card__hover%22%93}\u00a0\u00bb box_shadow_color__hover=\u00a0\u00bbrgba(0,0,0,0.3)\u00a0\u00bb box_shadow_color__hover_enabled=\u00a0\u00bbon|desktop\u00a0\u00bb][\/ba_card][et_pb_text _builder_version=\u00a0\u00bb4.21.0&Prime; _module_preset=\u00a0\u00bbdefault\u00a0\u00bb text_font=\u00a0\u00bbOpen Sans||||||||\u00a0\u00bb text_font_size=\u00a0\u00bb12px\u00a0\u00bb custom_margin=\u00a0\u00bb6px|||||\u00a0\u00bb custom_padding=\u00a0\u00bb5px||4px|0px||\u00a0\u00bb global_colors_info=\u00a0\u00bb{}\u00a0\u00bb]<\/p>\n<p>*Zwischenverkauf vorbehalten<\/p>\n<p>[\/et_pb_text][\/et_pb_column][et_pb_column type=\u00a0\u00bb1_4&Prime; _builder_version=\u00a0\u00bb4.21.0&Prime; _module_preset=\u00a0\u00bbdefault\u00a0\u00bb global_colors_info=\u00a0\u00bb{}\u00a0\u00bb][ba_card use_icon=\u00a0\u00bbon\u00a0\u00bb icon=\u00a0\u00bb&#xf51e;||fa||900&Prime; description=\u00a0\u00bb<\/p>\n<p><strong>Preis\/Finanzierung:<br \/><\/strong>Auf Anfrage<\/p>\n<p>\u00a0\u00bb icon_color=\u00a0\u00bb#FFFFFF\u00a0\u00bb icon_size=\u00a0\u00bb32px\u00a0\u00bb icon_padding=\u00a0\u00bb25px|25px|10px|25px|false|false\u00a0\u00bb content_alignment=\u00a0\u00bbcenter\u00a0\u00bb module_class=\u00a0\u00bbcard-occasion\u00a0\u00bb _builder_version=\u00a0\u00bb4.21.0&Prime; _module_preset=\u00a0\u00bbdefault\u00a0\u00bb description_text_color=\u00a0\u00bb#FFFFFF\u00a0\u00bb background_color=\u00a0\u00bbgcid-cc81b754-fbdf-4090-a821-2a067d6ee9d1&Prime; border_radii_card=\u00a0\u00bbon|10px|10px|10px|10px\u00a0\u00bb border_width_all_card=\u00a0\u00bb0px\u00a0\u00bb box_shadow_style=\u00a0\u00bbpreset1&Prime; box_shadow_vertical=\u00a0\u00bb1px\u00a0\u00bb box_shadow_spread=\u00a0\u00bb-3px\u00a0\u00bb global_colors_info=\u00a0\u00bb{%22gcid-cc81b754-fbdf-4090-a821-2a067d6ee9d1%22:%91%22border_color_all_card__hover%22,%22background_color%22,%22border_color_all_card__hover%22%93}\u00a0\u00bb box_shadow_color__hover=\u00a0\u00bbrgba(0,0,0,0.3)\u00a0\u00bb box_shadow_color__hover_enabled=\u00a0\u00bbon|desktop\u00a0\u00bb][\/ba_card][\/et_pb_column][\/et_pb_row][et_pb_row _builder_version=\u00a0\u00bb4.21.0&Prime; _module_preset=\u00a0\u00bbdefault\u00a0\u00bb global_colors_info=\u00a0\u00bb{}\u00a0\u00bb][et_pb_column type=\u00a0\u00bb4_4&Prime; _builder_version=\u00a0\u00bb4.21.0&Prime; _module_preset=\u00a0\u00bbdefault\u00a0\u00bb global_colors_info=\u00a0\u00bb{}\u00a0\u00bb][et_pb_button button_url=\u00a0\u00bb\/finanzierung\/\u00a0\u00bb button_text=\u00a0\u00bbKostenlose Offerte einholen\u00a0\u00bb _builder_version=\u00a0\u00bb4.20.2&Prime; _module_preset=\u00a0\u00bbdefault\u00a0\u00bb custom_button=\u00a0\u00bbon\u00a0\u00bb button_text_size=\u00a0\u00bb18px\u00a0\u00bb button_text_color=\u00a0\u00bbgcid-cc81b754-fbdf-4090-a821-2a067d6ee9d1&Prime; button_border_radius=\u00a0\u00bb100px\u00a0\u00bb button_icon=\u00a0\u00bb&#x24;||divi||400&Prime; button_on_hover=\u00a0\u00bboff\u00a0\u00bb transform_translate_linked__hover=\u00a0\u00bboff\u00a0\u00bb custom_margin=\u00a0\u00bb-1px||40px||false|\u00a0\u00bb custom_padding=\u00a0\u00bb5px|33px|5px|18px|true|false\u00a0\u00bb global_colors_info=\u00a0\u00bb{%22gcid-cc81b754-fbdf-4090-a821-2a067d6ee9d1%22:%91%22button_bg_color__hover%22,%22button_text_color%22%93}\u00a0\u00bb transform_styles__hover_enabled=\u00a0\u00bbon|hover\u00a0\u00bb transform_scale__hover_enabled=\u00a0\u00bbon|hover\u00a0\u00bb transform_translate__hover_enabled=\u00a0\u00bbon|desktop\u00a0\u00bb transform_rotate__hover_enabled=\u00a0\u00bbon|desktop\u00a0\u00bb transform_skew__hover_enabled=\u00a0\u00bbon|desktop\u00a0\u00bb transform_origin__hover_enabled=\u00a0\u00bbon|desktop\u00a0\u00bb transform_translate__hover=\u00a0\u00bb0px|-4px\u00a0\u00bb button_bg_color__hover_enabled=\u00a0\u00bbon|hover\u00a0\u00bb button_bg_color__hover=\u00a0\u00bb#0069b4&Prime; button_bg_enable_color__hover=\u00a0\u00bbon\u00a0\u00bb button_text_size__hover_enabled=\u00a0\u00bbon|hover\u00a0\u00bb button_text_color__hover_enabled=\u00a0\u00bbon|hover\u00a0\u00bb button_text_color__hover=\u00a0\u00bb#FFFFFF\u00a0\u00bb button_text_size__hover=\u00a0\u00bb18px\u00a0\u00bb][\/et_pb_button][\/et_pb_column][\/et_pb_row][\/et_pb_section]<\/p>\n","protected":false},"excerpt":{"rendered":"<p>OccasionenDirekt digitales R\u00f6ntgensystem Modell DR-3Das Flat Panel DR-3 System ist f\u00fcr jede Arztpraxis geeignet, die sich auf \u00abdirekt-digitales R\u00f6ntgen\u00bb fokussiert. Bereits wenige Sekunden nach der Aufnahme stehen die Bilder dem Benutzer auf dem Bildschirm zum Befunden zur Verf\u00fcgung. F\u00fcr die h\u00f6chste Bildaufl\u00f6sung der R\u00f6ntgenbilder bei gleichzeitig geringer Dosis werden von uns die modernsten Vollfeld Detektoren [&hellip;]<\/p>\n","protected":false},"author":1,"featured_media":0,"parent":0,"menu_order":0,"comment_status":"closed","ping_status":"closed","template":"","meta":{"_et_pb_use_builder":"on","_et_pb_old_content":"","_et_gb_content_width":"","om_disable_all_campaigns":false,"_monsterinsights_skip_tracking":false,"_monsterinsights_sitenote_active":false,"_monsterinsights_sitenote_note":"","_monsterinsights_sitenote_category":0,"footnotes":""},"dipi_cpt_category":[],"class_list":["post-2471","page","type-page","status-publish","hentry"],"_links":{"self":[{"href":"https:\/\/ultraschall.polymed.ch\/fr\/wp-json\/wp\/v2\/pages\/2471","targetHints":{"allow":["GET"]}}],"collection":[{"href":"https:\/\/ultraschall.polymed.ch\/fr\/wp-json\/wp\/v2\/pages"}],"about":[{"href":"https:\/\/ultraschall.polymed.ch\/fr\/wp-json\/wp\/v2\/types\/page"}],"author":[{"embeddable":true,"href":"https:\/\/ultraschall.polymed.ch\/fr\/wp-json\/wp\/v2\/users\/1"}],"replies":[{"embeddable":true,"href":"https:\/\/ultraschall.polymed.ch\/fr\/wp-json\/wp\/v2\/comments?post=2471"}],"version-history":[{"count":6,"href":"https:\/\/ultraschall.polymed.ch\/fr\/wp-json\/wp\/v2\/pages\/2471\/revisions"}],"predecessor-version":[{"id":3656,"href":"https:\/\/ultraschall.polymed.ch\/fr\/wp-json\/wp\/v2\/pages\/2471\/revisions\/3656"}],"wp:attachment":[{"href":"https:\/\/ultraschall.polymed.ch\/fr\/wp-json\/wp\/v2\/media?parent=2471"}],"wp:term":[{"taxonomy":"dipi_cpt_category","embeddable":true,"href":"https:\/\/ultraschall.polymed.ch\/fr\/wp-json\/wp\/v2\/dipi_cpt_category?post=2471"}],"curies":[{"name":"wp","href":"https:\/\/api.w.org\/{rel}","templated":true}]}}