{"id":3660,"date":"2025-01-31T07:00:05","date_gmt":"2025-01-31T06:00:05","guid":{"rendered":"https:\/\/ultraschall.polymed.ch\/produits\/minisono\/"},"modified":"2025-08-24T18:20:52","modified_gmt":"2025-08-24T16:20:52","slug":"minisono","status":"publish","type":"page","link":"http:\/\/ultraschall.polymed.ch\/fr\/produits\/minisono\/","title":{"rendered":"minisono"},"content":{"rendered":"<p>[et_pb_section fb_built=\u00a0\u00bb1&Prime; admin_label=\u00a0\u00bbSection\u00a0\u00bb module_id=\u00a0\u00bbproduits\u00a0\u00bb _builder_version=\u00a0\u00bb4.21.0&Prime; _module_preset=\u00a0\u00bbdefault\u00a0\u00bb background_color=\u00a0\u00bb#FFFFFF\u00a0\u00bb custom_margin=\u00a0\u00bb||0px||false|false\u00a0\u00bb custom_padding=\u00a0\u00bb0px||||false|false\u00a0\u00bb da_popup_slug=\u00a0\u00bbprodukte\u00a0\u00bb da_disable_devices=\u00a0\u00bboff|off|off\u00a0\u00bb locked=\u00a0\u00bboff\u00a0\u00bb global_colors_info=\u00a0\u00bb{}\u00a0\u00bb da_is_popup=\u00a0\u00bboff\u00a0\u00bb da_exit_intent=\u00a0\u00bboff\u00a0\u00bb da_has_close=\u00a0\u00bbon\u00a0\u00bb da_alt_close=\u00a0\u00bboff\u00a0\u00bb da_dark_close=\u00a0\u00bboff\u00a0\u00bb da_not_modal=\u00a0\u00bbon\u00a0\u00bb da_is_singular=\u00a0\u00bboff\u00a0\u00bb da_with_loader=\u00a0\u00bboff\u00a0\u00bb da_has_shadow=\u00a0\u00bbon\u00a0\u00bb][et_pb_row column_structure=\u00a0\u00bb1_2,1_2&Prime; _builder_version=\u00a0\u00bb4.22.2&Prime; _module_preset=\u00a0\u00bbdefault\u00a0\u00bb global_colors_info=\u00a0\u00bb{}\u00a0\u00bb][et_pb_column type=\u00a0\u00bb1_2&Prime; _builder_version=\u00a0\u00bb4.22.2&Prime; _module_preset=\u00a0\u00bbdefault\u00a0\u00bb global_colors_info=\u00a0\u00bb{}\u00a0\u00bb][lwp_image_carousel gallery_ids=\u00a0\u00bb3583,3584,3585&Prime; slides_show=\u00a0\u00bb1&Prime; autoplay_animation=\u00a0\u00bbon\u00a0\u00bb autoplay_animation_speed=\u00a0\u00bb5000ms\u00a0\u00bb infinite_animation=\u00a0\u00bbon\u00a0\u00bb vertical_layout=\u00a0\u00bboff\u00a0\u00bb _builder_version=\u00a0\u00bb4.22.2&Prime; _module_preset=\u00a0\u00bbdefault\u00a0\u00bb global_colors_info=\u00a0\u00bb{}\u00a0\u00bb][\/lwp_image_carousel][\/et_pb_column][et_pb_column type=\u00a0\u00bb1_2&Prime; _builder_version=\u00a0\u00bb4.22.2&Prime; _module_preset=\u00a0\u00bbdefault\u00a0\u00bb global_colors_info=\u00a0\u00bb{}\u00a0\u00bb][et_pb_text _builder_version=\u00a0\u00bb4.22.2&Prime; _module_preset=\u00a0\u00bbdefault\u00a0\u00bb text_text_color=\u00a0\u00bbgcid-cc81b754-fbdf-4090-a821-2a067d6ee9d1&Prime; text_font_size=\u00a0\u00bb24px\u00a0\u00bb custom_margin=\u00a0\u00bb||50px|||\u00a0\u00bb global_colors_info=\u00a0\u00bb{%22gcid-cc81b754-fbdf-4090-a821-2a067d6ee9d1%22:%91%22text_text_color%22%93}\u00a0\u00bb]<\/p>\n<p><strong>ALPINION minisono<\/strong><\/p>\n<p>Disponible partout et \u00e0 tout moment<\/p>\n<p>[\/et_pb_text][ba_advanced_divider active_element=\u00a0\u00bbtext\u00a0\u00bb border_style_classic=\u00a0\u00bbsolid\u00a0\u00bb border_color=\u00a0\u00bbgcid-cc81b754-fbdf-4090-a821-2a067d6ee9d1&Prime; border_weight=\u00a0\u00bb2px\u00a0\u00bb _builder_version=\u00a0\u00bb4.22.2&Prime; _module_preset=\u00a0\u00bbdefault\u00a0\u00bb global_colors_info=\u00a0\u00bb{%22gcid-cc81b754-fbdf-4090-a821-2a067d6ee9d1%22:%91%22border_color%22%93}\u00a0\u00bb][\/ba_advanced_divider][et_pb_text _builder_version=\u00a0\u00bb4.22.2&Prime; _module_preset=\u00a0\u00bbdefault\u00a0\u00bb text_font=\u00a0\u00bbOpen Sans||||||||\u00a0\u00bb text_text_color=\u00a0\u00bb#000000&Prime; text_font_size=\u00a0\u00bb16px\u00a0\u00bb global_colors_info=\u00a0\u00bb{}\u00a0\u00bb]<\/p>\n<p>Minisono est un d\u00e9veloppement innovant dans le domaine des syst\u00e8mes d&rsquo;\u00e9chographie portables qui int\u00e8gre tout le n\u00e9cessaire directement dans le transducteur. Il s&rsquo;utilise soit avec le DT313Tmed, soit avec une tablette Microsoft Surface Pro, l&rsquo;interface utilisateur d&rsquo;ALPINION \u00e9tant optimis\u00e9e pour une utilisation sur tablette. Cela rend le minisono beaucoup plus petit, plus l\u00e9ger et plus maniable que les appareils traditionnels sur pied.  <\/p>\n<p>Con\u00e7u pour une utilisation flexible directement sur le lieu d&rsquo;intervention &#8211; que ce soit au chevet du patient, en physioth\u00e9rapie, lors de visites \u00e0 domicile, dans une ambulance ou en salle d&rsquo;op\u00e9ration &#8211; minisono est pr\u00eat \u00e0 l&#8217;emploi \u00e0 tout moment et en tout lieu.<\/p>\n<p>[\/et_pb_text][ba_advanced_divider active_element=\u00a0\u00bbtext\u00a0\u00bb border_style_classic=\u00a0\u00bbsolid\u00a0\u00bb border_color=\u00a0\u00bbgcid-cc81b754-fbdf-4090-a821-2a067d6ee9d1&Prime; border_weight=\u00a0\u00bb2px\u00a0\u00bb _builder_version=\u00a0\u00bb4.22.2&Prime; _module_preset=\u00a0\u00bbdefault\u00a0\u00bb global_colors_info=\u00a0\u00bb{%22gcid-cc81b754-fbdf-4090-a821-2a067d6ee9d1%22:%91%22border_color%22%93}\u00a0\u00bb][\/ba_advanced_divider][et_pb_text _builder_version=\u00a0\u00bb4.22.2&Prime; _module_preset=\u00a0\u00bbdefault\u00a0\u00bb text_font=\u00a0\u00bbOpen Sans||||||||\u00a0\u00bb text_text_color=\u00a0\u00bb#000000&Prime; text_font_size=\u00a0\u00bb16px\u00a0\u00bb global_colors_info=\u00a0\u00bb{}\u00a0\u00bb]<\/p>\n<p><strong>Applications<\/strong><\/p>\n<p>Petites pi\u00e8ces<br \/>MSK<br \/>Vasculaire<br \/>Urologie<br \/>Abdomen<br \/>EM<br \/>Sein<br \/>M\u00e9decine d&rsquo;urgence<\/p>\n<p>[\/et_pb_text][et_pb_text _builder_version=\u00a0\u00bb4.22.2&Prime; _module_preset=\u00a0\u00bbdefault\u00a0\u00bb text_font=\u00a0\u00bbOpen Sans||||||||\u00a0\u00bb text_text_color=\u00a0\u00bbgcid-cc81b754-fbdf-4090-a821-2a067d6ee9d1&Prime; text_font_size=\u00a0\u00bb16px\u00a0\u00bb link_option_url=\u00a0\u00bb#informationen-i9&Prime; global_colors_info=\u00a0\u00bb{%22gcid-cc81b754-fbdf-4090-a821-2a067d6ee9d1%22:%91%22text_text_color%22%93}\u00a0\u00bb]<\/p>\n<p>Plus d&rsquo;informations \u2193<\/p>\n<p>[\/et_pb_text][\/et_pb_column][\/et_pb_row][\/et_pb_section][et_pb_section fb_built=\u00a0\u00bb1&Prime; admin_label=\u00a0\u00bbSection\u00a0\u00bb _builder_version=\u00a0\u00bb4.22.2&Prime; _module_preset=\u00a0\u00bbdefault\u00a0\u00bb background_image=\u00a0\u00bbhttps:\/\/ultraschall.polymed.ch\/wp-content\/uploads\/2024\/07\/i7-BG.jpg\u00a0\u00bb da_disable_devices=\u00a0\u00bboff|off|off\u00a0\u00bb global_colors_info=\u00a0\u00bb{}\u00a0\u00bb da_is_popup=\u00a0\u00bboff\u00a0\u00bb da_exit_intent=\u00a0\u00bboff\u00a0\u00bb da_has_close=\u00a0\u00bbon\u00a0\u00bb da_alt_close=\u00a0\u00bboff\u00a0\u00bb da_dark_close=\u00a0\u00bboff\u00a0\u00bb da_not_modal=\u00a0\u00bbon\u00a0\u00bb da_is_singular=\u00a0\u00bboff\u00a0\u00bb da_with_loader=\u00a0\u00bboff\u00a0\u00bb da_has_shadow=\u00a0\u00bbon\u00a0\u00bb][et_pb_row column_structure=\u00a0\u00bb1_2,1_2&Prime; _builder_version=\u00a0\u00bb4.22.2&Prime; _module_preset=\u00a0\u00bbdefault\u00a0\u00bb global_colors_info=\u00a0\u00bb{}\u00a0\u00bb][et_pb_column type=\u00a0\u00bb1_2&Prime; _builder_version=\u00a0\u00bb4.22.2&Prime; _module_preset=\u00a0\u00bbdefault\u00a0\u00bb global_colors_info=\u00a0\u00bb{}\u00a0\u00bb][et_pb_text _builder_version=\u00a0\u00bb4.22.2&Prime; _module_preset=\u00a0\u00bbdefault\u00a0\u00bb text_font=\u00a0\u00bbOpen Sans||||||||\u00a0\u00bb text_text_color=\u00a0\u00bb#FFFFFF\u00a0\u00bb text_font_size=\u00a0\u00bb16px\u00a0\u00bb global_colors_info=\u00a0\u00bb{}\u00a0\u00bb]<\/p>\n<p><strong>Compact, l\u00e9ger et aliment\u00e9 par batterie<\/strong><br \/>Avec un poids total d&rsquo;environ 950 grammes (transducteur et tablette combin\u00e9s) et une autonomie de batterie de plus d&rsquo;une heure, cet appareil est id\u00e9al pour les \u00e9chographies mobiles, o\u00f9 que vous soyez.<\/p>\n<p><strong>Mobilit\u00e9 et fiabilit\u00e9 dans le domaine du diagnostic m\u00e9dical<br \/><\/strong>Le Minisono peut \u00eatre utilis\u00e9 partout, des cliniques et h\u00f4pitaux aux services d&rsquo;urgence. Il est facile \u00e0 utiliser, ce qui r\u00e9duit le stress dans les environnements o\u00f9 le temps et l&rsquo;espace sont limit\u00e9s. <\/p>\n<p>[\/et_pb_text][\/et_pb_column][et_pb_column type=\u00a0\u00bb1_2&Prime; _builder_version=\u00a0\u00bb4.22.2&Prime; _module_preset=\u00a0\u00bbdefault\u00a0\u00bb global_colors_info=\u00a0\u00bb{}\u00a0\u00bb][\/et_pb_column][\/et_pb_row][\/et_pb_section][et_pb_section fb_built=\u00a0\u00bb1&Prime; admin_label=\u00a0\u00bbSection\u00a0\u00bb _builder_version=\u00a0\u00bb4.22.2&Prime; _module_preset=\u00a0\u00bbdefault\u00a0\u00bb da_popup_slug=\u00a0\u00bbinformationen-i9&Prime; da_disable_devices=\u00a0\u00bboff|off|off\u00a0\u00bb global_colors_info=\u00a0\u00bb{}\u00a0\u00bb da_is_popup=\u00a0\u00bboff\u00a0\u00bb da_exit_intent=\u00a0\u00bboff\u00a0\u00bb da_has_close=\u00a0\u00bbon\u00a0\u00bb da_alt_close=\u00a0\u00bboff\u00a0\u00bb da_dark_close=\u00a0\u00bboff\u00a0\u00bb da_not_modal=\u00a0\u00bbon\u00a0\u00bb da_is_singular=\u00a0\u00bboff\u00a0\u00bb da_with_loader=\u00a0\u00bboff\u00a0\u00bb da_has_shadow=\u00a0\u00bbon\u00a0\u00bb][et_pb_row module_id=\u00a0\u00bbinformationen-i9&Prime; _builder_version=\u00a0\u00bb4.22.2&Prime; _module_preset=\u00a0\u00bbdefault\u00a0\u00bb global_colors_info=\u00a0\u00bb{}\u00a0\u00bb][et_pb_column type=\u00a0\u00bb4_4&Prime; _builder_version=\u00a0\u00bb4.22.2&Prime; _module_preset=\u00a0\u00bbdefault\u00a0\u00bb global_colors_info=\u00a0\u00bb{}\u00a0\u00bb][et_pb_accordion open_toggle_background_color=\u00a0\u00bbRGBA(255,255,255,0)\u00a0\u00bb closed_toggle_background_color=\u00a0\u00bbRGBA(255,255,255,0)\u00a0\u00bb toggle_icon=\u00a0\u00bb&#x3a;||divi||400&Prime; icon_color=\u00a0\u00bb#0069b4&Prime; use_icon_font_size=\u00a0\u00bbon\u00a0\u00bb icon_font_size=\u00a0\u00bb58px\u00a0\u00bb _builder_version=\u00a0\u00bb4.22.2&Prime; _module_preset=\u00a0\u00bbdefault\u00a0\u00bb border_width_all=\u00a0\u00bb0px\u00a0\u00bb border_width_top=\u00a0\u00bb1px\u00a0\u00bb border_color_top=\u00a0\u00bb#0069b4&Prime; border_width_bottom=\u00a0\u00bb1px\u00a0\u00bb border_color_bottom=\u00a0\u00bb#0069b4&Prime; global_colors_info=\u00a0\u00bb{%22gcid-cc81b754-fbdf-4090-a821-2a067d6ee9d1%22:%91%22icon_color%22,%22border_color_top%22,%22border_color_bottom%22%93}\u00a0\u00bb][et_pb_accordion_item title=\u00a0\u00bbDonn\u00e9es techniques\u00a0\u00bb open_toggle_text_color=\u00a0\u00bb#000000&Prime; icon_color=\u00a0\u00bbgcid-cc81b754-fbdf-4090-a821-2a067d6ee9d1&Prime; toggle_icon=\u00a0\u00bb&#x3b;||divi||400&Prime; use_icon_font_size=\u00a0\u00bbon\u00a0\u00bb icon_font_size=\u00a0\u00bb26px\u00a0\u00bb _builder_version=\u00a0\u00bb4.22.2&Prime; _module_preset=\u00a0\u00bbdefault\u00a0\u00bb body_text_color=\u00a0\u00bb#000000&Prime; body_font_size=\u00a0\u00bb16px\u00a0\u00bb global_colors_info=\u00a0\u00bb{%22gcid-cc81b754-fbdf-4090-a821-2a067d6ee9d1%22:%91%22icon_color%22%93}\u00a0\u00bb toggle_text_color=\u00a0\u00bb#000000&Prime; toggle_font=\u00a0\u00bb|700|||||||\u00a0\u00bb toggle_font_size=\u00a0\u00bb18px\u00a0\u00bb open=\u00a0\u00bboff\u00a0\u00bb]<\/p>\n<ul>\n<li>Technologie ultrasonique dans le transducteur<\/li>\n<li>Sonde convexe avec une bande passante de 1 \u00e0 6 MHz<\/li>\n<li>Sonde lin\u00e9aire avec une bande passante de 3 \u00e0 12 MHz<\/li>\n<li>La technologie de filtrage SRI (Speckle Reduction Imaging) minimise les artefacts et am\u00e9liore les limites tissulaires<\/li>\n<li>Modes d&rsquo;image : mode B, PW (Pulsed Wave) et Doppler couleur<\/li>\n<li>Connexion USB \u00e0 la tablette Microsoft Surface Pro<\/li>\n<li>Mobilit\u00e9 illimit\u00e9e<\/li>\n<li>Archives num\u00e9riques et stockage DICOM<\/li>\n<li>Poids : environ 950 g (transducteur et tablette)<\/li>\n<\/ul>\n<h5 class=\"et_pb_toggle_title et-fb-editable-element et-fb-editable-element__editing\" data-shortcode-id=\"2.0.0.0.0-1725343716388\" data-quickaccess-id=\"toggle\" data-quickaccess-order=\"1\" contenteditable=\"true\" data-lt-tmp-id=\"lt-888098\" spellcheck=\"false\" data-gramm=\"false\">Donn\u00e9es Tablet<\/h5>\n<p>&nbsp;<\/p>\n<ul>\n<li>\u00c9cran couleur, au moins 12,3 pouces <\/li>\n<li>Processeur Intel Core i5<\/li>\n<li>128 Go de m\u00e9moire SSD<\/li>\n<li>8 GO DE M\u00c9MOIRE VIVE<\/li>\n<li>Syst\u00e8me d&rsquo;exploitation (OS) Windows<\/li>\n<\/ul>\n<p>[\/et_pb_accordion_item][et_pb_accordion_item title=\u00a0\u00bbImages cliniques\u00a0\u00bb open_toggle_text_color=\u00a0\u00bb#000000&Prime; icon_color=\u00a0\u00bbgcid-cc81b754-fbdf-4090-a821-2a067d6ee9d1&Prime; toggle_icon=\u00a0\u00bb&#x3b;||divi||400&Prime; use_icon_font_size=\u00a0\u00bbon\u00a0\u00bb icon_font_size=\u00a0\u00bb26px\u00a0\u00bb _builder_version=\u00a0\u00bb4.22.2&Prime; _module_preset=\u00a0\u00bbdefault\u00a0\u00bb body_text_color=\u00a0\u00bb#000000&Prime; body_font_size=\u00a0\u00bb16px\u00a0\u00bb global_colors_info=\u00a0\u00bb{%22gcid-cc81b754-fbdf-4090-a821-2a067d6ee9d1%22:%91%22icon_color%22,%22icon_color%22%93}\u00a0\u00bb toggle_text_color=\u00a0\u00bb#000000&Prime; toggle_font=\u00a0\u00bb|700|||||||\u00a0\u00bb toggle_font_size=\u00a0\u00bb18px\u00a0\u00bb open=\u00a0\u00bboff\u00a0\u00bb]<\/p>\n\n\t\t<style type=\"text\/css\">\n\t\t\t#gallery-1 {\n\t\t\t\tmargin: auto;\n\t\t\t}\n\t\t\t#gallery-1 .gallery-item {\n\t\t\t\tfloat: left;\n\t\t\t\tmargin-top: 10px;\n\t\t\t\ttext-align: center;\n\t\t\t\twidth: 33%;\n\t\t\t}\n\t\t\t#gallery-1 img {\n\t\t\t\tborder: 2px solid #cfcfcf;\n\t\t\t}\n\t\t\t#gallery-1 .gallery-caption {\n\t\t\t\tmargin-left: 0;\n\t\t\t}\n\t\t\t\/* see gallery_shortcode() in wp-includes\/media.php *\/\n\t\t<\/style>\n\t\t<div id='gallery-1' class='gallery galleryid-3660 gallery-columns-3 gallery-size-thumbnail'><dl class='gallery-item'>\n\t\t\t<dt class='gallery-icon landscape'>\n\t\t\t\t<a href='http:\/\/ultraschall.polymed.ch\/fr\/acc-mit-farbdoppler-2\/'><img decoding=\"async\" width=\"150\" height=\"150\" src=\"https:\/\/ultraschall.polymed.ch\/wp-content\/uploads\/2024\/09\/ACC-mit-Farbdoppler-150x150.jpg\" class=\"attachment-thumbnail size-thumbnail\" alt=\"\" aria-describedby=\"gallery-1-3046\" \/><\/a>\n\t\t\t<\/dt>\n\t\t\t\t<dd class='wp-caption-text gallery-caption' id='gallery-1-3046'>\n\t\t\t\tACC mit Farbdoppler\n\t\t\t\t<\/dd><\/dl><dl class='gallery-item'>\n\t\t\t<dt class='gallery-icon landscape'>\n\t\t\t\t<a href='http:\/\/ultraschall.polymed.ch\/fr\/leber-2-2\/'><img decoding=\"async\" width=\"150\" height=\"150\" src=\"https:\/\/ultraschall.polymed.ch\/wp-content\/uploads\/2024\/09\/Leber-150x150.jpg\" class=\"attachment-thumbnail size-thumbnail\" alt=\"\" aria-describedby=\"gallery-1-3048\" \/><\/a>\n\t\t\t<\/dt>\n\t\t\t\t<dd class='wp-caption-text gallery-caption' id='gallery-1-3048'>\n\t\t\t\tLeber\n\t\t\t\t<\/dd><\/dl><dl class='gallery-item'>\n\t\t\t<dt class='gallery-icon landscape'>\n\t\t\t\t<a href='http:\/\/ultraschall.polymed.ch\/fr\/peripheres-gefaess-2\/'><img decoding=\"async\" width=\"150\" height=\"150\" src=\"https:\/\/ultraschall.polymed.ch\/wp-content\/uploads\/2024\/09\/Peripheres-Gefaess-150x150.jpg\" class=\"attachment-thumbnail size-thumbnail\" alt=\"\" aria-describedby=\"gallery-1-3050\" \/><\/a>\n\t\t\t<\/dt>\n\t\t\t\t<dd class='wp-caption-text gallery-caption' id='gallery-1-3050'>\n\t\t\t\tPeripheres Gefa\u0308ss\n\t\t\t\t<\/dd><\/dl><br style=\"clear: both\" \/>\n\t\t<\/div>\n\n<p>[\/et_pb_accordion_item][et_pb_accordion_item title=\u00a0\u00bbSondes\u00a0\u00bb open_toggle_text_color=\u00a0\u00bb#000000&Prime; icon_color=\u00a0\u00bbgcid-cc81b754-fbdf-4090-a821-2a067d6ee9d1&Prime; toggle_icon=\u00a0\u00bb&#x3b;||divi||400&Prime; use_icon_font_size=\u00a0\u00bbon\u00a0\u00bb icon_font_size=\u00a0\u00bb26px\u00a0\u00bb _builder_version=\u00a0\u00bb4.22.2&Prime; _module_preset=\u00a0\u00bbdefault\u00a0\u00bb body_text_color=\u00a0\u00bb#000000&Prime; body_font_size=\u00a0\u00bb16px\u00a0\u00bb global_colors_info=\u00a0\u00bb{%22gcid-cc81b754-fbdf-4090-a821-2a067d6ee9d1%22:%91%22icon_color%22%93}\u00a0\u00bb toggle_text_color=\u00a0\u00bb#000000&Prime; toggle_font=\u00a0\u00bb|700|||||||\u00a0\u00bb toggle_font_size=\u00a0\u00bb18px\u00a0\u00bb open=\u00a0\u00bboff\u00a0\u00bb]<\/p>\n<p>Les transducteurs suivants sont disponibles en tant qu&rsquo;accessoires :<\/p>\n\n\t\t<style type=\"text\/css\">\n\t\t\t#gallery-2 {\n\t\t\t\tmargin: auto;\n\t\t\t}\n\t\t\t#gallery-2 .gallery-item {\n\t\t\t\tfloat: left;\n\t\t\t\tmargin-top: 10px;\n\t\t\t\ttext-align: center;\n\t\t\t\twidth: 33%;\n\t\t\t}\n\t\t\t#gallery-2 img {\n\t\t\t\tborder: 2px solid #cfcfcf;\n\t\t\t}\n\t\t\t#gallery-2 .gallery-caption {\n\t\t\t\tmargin-left: 0;\n\t\t\t}\n\t\t\t\/* see gallery_shortcode() in wp-includes\/media.php *\/\n\t\t<\/style>\n\t\t<div id='gallery-2' class='gallery galleryid-3660 gallery-columns-3 gallery-size-thumbnail'><dl class='gallery-item'>\n\t\t\t<dt class='gallery-icon portrait'>\n\t\t\t\t<a href='http:\/\/ultraschall.polymed.ch\/fr\/konvex_c1-6-2\/'><img decoding=\"async\" width=\"150\" height=\"150\" src=\"https:\/\/ultraschall.polymed.ch\/wp-content\/uploads\/2024\/09\/Konvex_C1-6-150x150.png\" class=\"attachment-thumbnail size-thumbnail\" alt=\"\" aria-describedby=\"gallery-2-3053\" \/><\/a>\n\t\t\t<\/dt>\n\t\t\t\t<dd class='wp-caption-text gallery-caption' id='gallery-2-3053'>\n\t\t\t\tKonvex: C1-6\n\t\t\t\t<\/dd><\/dl><dl class='gallery-item'>\n\t\t\t<dt class='gallery-icon portrait'>\n\t\t\t\t<a href='http:\/\/ultraschall.polymed.ch\/fr\/linear_l3-12-2\/'><img decoding=\"async\" width=\"150\" height=\"150\" src=\"https:\/\/ultraschall.polymed.ch\/wp-content\/uploads\/2024\/09\/linear_L3-12-150x150.png\" class=\"attachment-thumbnail size-thumbnail\" alt=\"\" aria-describedby=\"gallery-2-3055\" \/><\/a>\n\t\t\t<\/dt>\n\t\t\t\t<dd class='wp-caption-text gallery-caption' id='gallery-2-3055'>\n\t\t\t\tLinear: L3-12\n\t\t\t\t<\/dd><\/dl>\n\t\t\t<br style='clear: both' \/>\n\t\t<\/div>\n\n<p>&nbsp;<\/p>\n<p>[\/et_pb_accordion_item][et_pb_accordion_item title=\u00a0\u00bbT\u00e9l\u00e9chargements\u00a0\u00bb open=\u00a0\u00bbon\u00a0\u00bb open_toggle_text_color=\u00a0\u00bb#000000&Prime; icon_color=\u00a0\u00bbgcid-cc81b754-fbdf-4090-a821-2a067d6ee9d1&Prime; toggle_icon=\u00a0\u00bb&#x3b;||divi||400&Prime; use_icon_font_size=\u00a0\u00bbon\u00a0\u00bb icon_font_size=\u00a0\u00bb26px\u00a0\u00bb _builder_version=\u00a0\u00bb4.22.2&Prime; _module_preset=\u00a0\u00bbdefault\u00a0\u00bb body_text_color=\u00a0\u00bb#000000&Prime; body_font_size=\u00a0\u00bb16px\u00a0\u00bb global_colors_info=\u00a0\u00bb{%22gcid-cc81b754-fbdf-4090-a821-2a067d6ee9d1%22:%91%22icon_color%22%93}\u00a0\u00bb toggle_text_color=\u00a0\u00bb#000000&Prime; toggle_font=\u00a0\u00bb|700|||||||\u00a0\u00bb toggle_font_size=\u00a0\u00bb18px\u00a0\u00bb]<\/p>\n<p><a href=\"https:\/\/ultraschall.polymed.ch\/wp-content\/uploads\/2025\/08\/Systemtechnologien-Tabelle_V2_FR.pdf\" target=\"_blank\" rel=\"noopener\" title=\"Technologie des syst\u00e8mes\" style=\"color: #0069b4;\">Technologie des syst\u00e8mes<\/a><\/p>\n<p>[\/et_pb_accordion_item][\/et_pb_accordion][\/et_pb_column][\/et_pb_row][\/et_pb_section]<\/p>\n","protected":false},"excerpt":{"rendered":"<p><div class=\"et_pb_module lwp_image_carousel lwp_image_carousel_0\">\n\t\t\t\t\n\t\t\t\t\n\t\t\t\t\n\t\t\t\t\n\t\t\t\t\n\t\t\t\t\n\t\t\t\t<div class=\"et_pb_module_inner\">\n\t\t\t\t\t\r\n\t\t\t<section class=\"lwp-slick-slider slider small-slider lwp-default-slider lwp-side-center\" data-slick='{ \"vertical\":false, \"slidesToShow\": 1, \"slidesToScroll\": 1, \"dots\":true, \"arrows\":true, \"infinite\":true, \"autoplay\":true, \"autoplaySpeed\":5000, \"pauseOnHover\":true, \"adaptiveHeight\":true, \"speed\":300, \"cssEase\":\"ease\", \"responsive\": [ { \"breakpoint\": 980, \"settings\": { \"slidesToShow\": 1, \"slidesToScroll\": 1, \"arrows\":true,\"dots\":true } } ,{ \"breakpoint\": 767, \"settings\": { \"slidesToShow\": 1, \"slidesToScroll\": 1, \"arrows\":true,\"dots\":true } } ] }'>\r\n\t\t\t\t<div><img decoding=\"async\" src=\"https:\/\/ultraschall.polymed.ch\/wp-content\/uploads\/2025\/02\/01_Minisono_Licht_Schatten_H670Px_W450.png\" alt=\"\" title=\"01_Minisono_Licht_Schatten_H670Px_W450\"><\/div><div><img decoding=\"async\" src=\"https:\/\/ultraschall.polymed.ch\/wp-content\/uploads\/2025\/02\/02_Minisono_Schallkoepfe_Licht_Schatten_H670Px_W450.png\" alt=\"\" title=\"02_Minisono_Schallkoepfe_Licht_Schatten_H670Px_W450\"><\/div><div><img decoding=\"async\" src=\"https:\/\/ultraschall.polymed.ch\/wp-content\/uploads\/2025\/02\/03_Minisono_Anwendung_H670Px_W450.png\" alt=\"\" title=\"03_Minisono_Anwendung_H670Px_W450\"><\/div>\r\n\t\t\t<\/section>\n\t\t\t\t<\/div>\n\t\t\t<\/div>ALPINION minisono Disponible partout et \u00e0 tout moment<div class=\"et_pb_with_border et_pb_module ba_advanced_divider ba_advanced_divider_0\">\n\t\t\t\t\n\t\t\t\t\n\t\t\t\t\n\t\t\t\t\n\t\t\t\t\n\t\t\t\t\n\t\t\t\t<div class=\"et_pb_module_inner\">\n\t\t\t\t\t<div class=\"dtq-module dtq-divider\">\n                <div class=\"dtq-divider__border dtq-divider__border-start\"><\/div>\n                \n                <div class=\"dtq-divider__border dtq-divider__border-end\"><\/div>\n                \n            <\/div>\n\t\t\t\t<\/div>\n\t\t\t<\/div>Minisono est un d\u00e9veloppement innovant dans le domaine des syst\u00e8mes d&rsquo;\u00e9chographie portables qui int\u00e8gre tout le n\u00e9cessaire directement dans le transducteur. Il s&rsquo;utilise soit avec le DT313Tmed, soit avec une tablette Microsoft [&hellip;]<\/p>\n","protected":false},"author":1,"featured_media":3661,"parent":3657,"menu_order":0,"comment_status":"closed","ping_status":"closed","template":"","meta":{"_et_pb_use_builder":"on","_et_pb_old_content":"","_et_gb_content_width":"","om_disable_all_campaigns":false,"_monsterinsights_skip_tracking":false,"_monsterinsights_sitenote_active":false,"_monsterinsights_sitenote_note":"","_monsterinsights_sitenote_category":0,"footnotes":""},"dipi_cpt_category":[33,30,32,36],"class_list":["post-3660","page","type-page","status-publish","has-post-thumbnail","hentry","dipi_cpt_category-bewegungsapparat","dipi_cpt_category-e-cube-serie","dipi_cpt_category-innere-allgemeinmedizin","dipi_cpt_category-veterinaermedizin"],"_links":{"self":[{"href":"http:\/\/ultraschall.polymed.ch\/fr\/wp-json\/wp\/v2\/pages\/3660","targetHints":{"allow":["GET"]}}],"collection":[{"href":"http:\/\/ultraschall.polymed.ch\/fr\/wp-json\/wp\/v2\/pages"}],"about":[{"href":"http:\/\/ultraschall.polymed.ch\/fr\/wp-json\/wp\/v2\/types\/page"}],"author":[{"embeddable":true,"href":"http:\/\/ultraschall.polymed.ch\/fr\/wp-json\/wp\/v2\/users\/1"}],"replies":[{"embeddable":true,"href":"http:\/\/ultraschall.polymed.ch\/fr\/wp-json\/wp\/v2\/comments?post=3660"}],"version-history":[{"count":6,"href":"http:\/\/ultraschall.polymed.ch\/fr\/wp-json\/wp\/v2\/pages\/3660\/revisions"}],"predecessor-version":[{"id":3814,"href":"http:\/\/ultraschall.polymed.ch\/fr\/wp-json\/wp\/v2\/pages\/3660\/revisions\/3814"}],"up":[{"embeddable":true,"href":"http:\/\/ultraschall.polymed.ch\/fr\/wp-json\/wp\/v2\/pages\/3657"}],"wp:featuredmedia":[{"embeddable":true,"href":"http:\/\/ultraschall.polymed.ch\/fr\/wp-json\/wp\/v2\/media\/3661"}],"wp:attachment":[{"href":"http:\/\/ultraschall.polymed.ch\/fr\/wp-json\/wp\/v2\/media?parent=3660"}],"wp:term":[{"taxonomy":"dipi_cpt_category","embeddable":true,"href":"http:\/\/ultraschall.polymed.ch\/fr\/wp-json\/wp\/v2\/dipi_cpt_category?post=3660"}],"curies":[{"name":"wp","href":"https:\/\/api.w.org\/{rel}","templated":true}]}}