{"id":2401,"date":"2023-02-27T09:42:26","date_gmt":"2023-02-27T08:42:26","guid":{"rendered":"https:\/\/roentgen.polymed.ch\/financement\/"},"modified":"2025-06-17T09:56:07","modified_gmt":"2025-06-17T07:56:07","slug":"financement","status":"publish","type":"page","link":"http:\/\/ultraschall.polymed.ch\/fr\/financement\/","title":{"rendered":"Financement"},"content":{"rendered":"<p>[et_pb_section fb_built=\u00a0\u00bb1&Prime; admin_label=\u00a0\u00bbSection\u00a0\u00bb module_id=\u00a0\u00bbproduits\u00a0\u00bb _builder_version=\u00a0\u00bb4.20.0&Prime; _module_preset=\u00a0\u00bbdefault\u00a0\u00bb background_color=\u00a0\u00bb#FFFFFF\u00a0\u00bb custom_padding=\u00a0\u00bb0px||||false|false\u00a0\u00bb da_popup_slug=\u00a0\u00bbprodukte\u00a0\u00bb da_disable_devices=\u00a0\u00bboff|off|off\u00a0\u00bb locked=\u00a0\u00bboff\u00a0\u00bb global_colors_info=\u00a0\u00bb{}\u00a0\u00bb da_is_popup=\u00a0\u00bboff\u00a0\u00bb da_exit_intent=\u00a0\u00bboff\u00a0\u00bb da_has_close=\u00a0\u00bbon\u00a0\u00bb da_alt_close=\u00a0\u00bboff\u00a0\u00bb da_dark_close=\u00a0\u00bboff\u00a0\u00bb da_not_modal=\u00a0\u00bbon\u00a0\u00bb da_is_singular=\u00a0\u00bboff\u00a0\u00bb da_with_loader=\u00a0\u00bboff\u00a0\u00bb da_has_shadow=\u00a0\u00bbon\u00a0\u00bb][et_pb_row admin_label=\u00a0\u00bbBienvenue\u00a0\u00bb _builder_version=\u00a0\u00bb4.21.0&Prime; _module_preset=\u00a0\u00bbdefault\u00a0\u00bb custom_padding=\u00a0\u00bb|||0px|false|false\u00a0\u00bb global_colors_info=\u00a0\u00bb{}\u00a0\u00bb][et_pb_column type=\u00a0\u00bb4_4&Prime; _builder_version=\u00a0\u00bb4.19.4&Prime; _module_preset=\u00a0\u00bbdefault\u00a0\u00bb global_colors_info=\u00a0\u00bb{}\u00a0\u00bb][et_pb_text admin_label=\u00a0\u00bbWillkommen\u00a0\u00bb _builder_version=\u00a0\u00bb4.22.2&Prime; text_font=\u00a0\u00bbOpen Sans|600|||||||\u00a0\u00bb text_font_size=\u00a0\u00bb16px\u00a0\u00bb text_line_height=\u00a0\u00bb1.8em\u00a0\u00bb header_font=\u00a0\u00bbPoppins|600|||||||\u00a0\u00bb header_font_size=\u00a0\u00bb36px\u00a0\u00bb header_line_height=\u00a0\u00bb1.4em\u00a0\u00bb background_layout=\u00a0\u00bbdark\u00a0\u00bb header_font_size_tablet=\u00a0\u00bb36px\u00a0\u00bb header_font_size_phone=\u00a0\u00bb24px\u00a0\u00bb header_font_size_last_edited=\u00a0\u00bbon|phone\u00a0\u00bb global_colors_info=\u00a0\u00bb{}\u00a0\u00bb]<\/p>\n<h1 style=\"text-align: left;\"><span style=\"color: #0a0a0a;\">Possibilit\u00e9s de financement<\/span><\/h1>\n<p>[\/et_pb_text][\/et_pb_column][\/et_pb_row][et_pb_row column_structure=\u00a0\u00bb1_2,1_2&Prime; _builder_version=\u00a0\u00bb4.21.0&Prime; _module_preset=\u00a0\u00bbdefault\u00a0\u00bb custom_padding=\u00a0\u00bb|||0px|false|false\u00a0\u00bb custom_css_main_element=\u00a0\u00bbdisplay: flex;||flex-wrap: wrap;\u00a0\u00bb global_colors_info=\u00a0\u00bb{}\u00a0\u00bb custom_css_main_element_last_edited=\u00a0\u00bboff|desktop\u00a0\u00bb][et_pb_column type=\u00a0\u00bb1_2&Prime; _builder_version=\u00a0\u00bb4.21.0&Prime; _module_preset=\u00a0\u00bbdefault\u00a0\u00bb global_colors_info=\u00a0\u00bb{}\u00a0\u00bb][et_pb_text _builder_version=\u00a0\u00bb4.20.0&Prime; _module_preset=\u00a0\u00bbdefault\u00a0\u00bb text_font=\u00a0\u00bb|700|||||||\u00a0\u00bb text_text_color=\u00a0\u00bbgcid-cc81b754-fbdf-4090-a821-2a067d6ee9d1&Prime; text_font_size=\u00a0\u00bb22px\u00a0\u00bb header_font=\u00a0\u00bbPoppins||||||||\u00a0\u00bb header_text_color=\u00a0\u00bbgcid-cc81b754-fbdf-4090-a821-2a067d6ee9d1&Prime; global_colors_info=\u00a0\u00bb{%22gcid-cc81b754-fbdf-4090-a821-2a067d6ee9d1%22:%91%22header_text_color%22,%22text_text_color%22%93}\u00a0\u00bb]<\/p>\n<p>Vos options :<\/p>\n<p>[\/et_pb_text][et_pb_text _builder_version=\u00a0\u00bb4.22.2&Prime; _module_preset=\u00a0\u00bbdefault\u00a0\u00bb global_colors_info=\u00a0\u00bb{}\u00a0\u00bb]<\/p>\n<p><span>En tant que client de Polymed, vous avez le choix entre trois options de financement pour acqu\u00e9rir votre syst\u00e8me de radiographie : <strong>achat<\/strong>, <strong>financement Polymed <\/strong>et <strong>leasing<\/strong>. Chaque option a ses propres avantages et inconv\u00e9nients, qui peuvent \u00eatre adapt\u00e9s \u00e0 vos besoins individuels et \u00e0 vos objectifs financiers. Quelle que soit l&rsquo;option de financement que vous choisissez, l&rsquo;\u00e9quipe d&rsquo;experts de Polymed est \u00e0 votre disposition pour vous aider \u00e0 choisir la meilleure option en fonction de vos besoins.  <\/span><\/p>\n<p><span><\/span><\/p>\n<p><span>Vous trouverez ci-dessous une liste d\u00e9taill\u00e9e des avantages et des inconv\u00e9nients de chaque option de financement. <\/span><\/p>\n<p>[\/et_pb_text][et_pb_button button_url=\u00a0\u00bbhttps:\/\/ultraschall.polymed.ch\/fr\/contact\/\u00a0\u00bb button_text=\u00a0\u00bbDemander un devis gratuit\u00a0\u00bb _builder_version=\u00a0\u00bb4.22.2&Prime; _module_preset=\u00a0\u00bbdefault\u00a0\u00bb custom_button=\u00a0\u00bbon\u00a0\u00bb button_text_size=\u00a0\u00bb18px\u00a0\u00bb button_text_color=\u00a0\u00bb#FFFFFF\u00a0\u00bb button_bg_color=\u00a0\u00bb#E02B20&Prime; button_border_color=\u00a0\u00bbRGBA(255,255,255,0)\u00a0\u00bb button_border_radius=\u00a0\u00bb100px\u00a0\u00bb button_icon=\u00a0\u00bb&#x24;||divi||400&Prime; button_on_hover=\u00a0\u00bboff\u00a0\u00bb transform_translate_linked__hover=\u00a0\u00bboff\u00a0\u00bb custom_margin=\u00a0\u00bb40px|||||\u00a0\u00bb custom_padding=\u00a0\u00bb5px|33px|5px|18px|true|false\u00a0\u00bb button_text_color_last_edited=\u00a0\u00bboff|desktop\u00a0\u00bb button_border_color_tablet=\u00a0\u00bbRGBA(255,255,255,0)\u00a0\u00bb button_border_color_phone=\u00a0\u00bbRGBA(255,255,255,0)\u00a0\u00bb button_border_color_last_edited=\u00a0\u00bbon|phone\u00a0\u00bb box_shadow_style=\u00a0\u00bbpreset1&Prime; box_shadow_vertical=\u00a0\u00bb0px\u00a0\u00bb locked=\u00a0\u00bboff\u00a0\u00bb global_colors_info=\u00a0\u00bb{}\u00a0\u00bb transform_styles__hover_enabled=\u00a0\u00bbon|hover\u00a0\u00bb transform_scale__hover_enabled=\u00a0\u00bbon|hover\u00a0\u00bb transform_translate__hover_enabled=\u00a0\u00bbon|desktop\u00a0\u00bb transform_rotate__hover_enabled=\u00a0\u00bbon|desktop\u00a0\u00bb transform_skew__hover_enabled=\u00a0\u00bbon|desktop\u00a0\u00bb transform_origin__hover_enabled=\u00a0\u00bbon|desktop\u00a0\u00bb transform_translate__hover=\u00a0\u00bb0px|-4px\u00a0\u00bb button_bg_color__hover_enabled=\u00a0\u00bbon|hover\u00a0\u00bb button_bg_color__hover=\u00a0\u00bb#E02B20&Prime; button_bg_enable_color__hover=\u00a0\u00bbon\u00a0\u00bb button_text_size__hover_enabled=\u00a0\u00bbon|hover\u00a0\u00bb button_text_color__hover_enabled=\u00a0\u00bbon|desktop\u00a0\u00bb button_text_color__hover=\u00a0\u00bb#FFFFFF\u00a0\u00bb button_text_size__hover=\u00a0\u00bb18px\u00a0\u00bb][\/et_pb_button][\/et_pb_column][et_pb_column type=\u00a0\u00bb1_2&Prime; _builder_version=\u00a0\u00bb4.21.0&Prime; _module_preset=\u00a0\u00bbdefault\u00a0\u00bb global_colors_info=\u00a0\u00bb{}\u00a0\u00bb][et_pb_accordion toggle_icon=\u00a0\u00bb&#x3a;||divi||400&Prime; icon_color=\u00a0\u00bb#0069b4&Prime; _builder_version=\u00a0\u00bb4.22.2&Prime; _module_preset=\u00a0\u00bbdefault\u00a0\u00bb toggle_font=\u00a0\u00bb||||||||\u00a0\u00bb closed_toggle_font=\u00a0\u00bb||||||||\u00a0\u00bb global_colors_info=\u00a0\u00bb{%22gcid-cc81b754-fbdf-4090-a821-2a067d6ee9d1%22:%91%22icon_color%22%93}\u00a0\u00bb][et_pb_accordion_item title=\u00a0\u00bbAchat\u00a0\u00bb open=\u00a0\u00bbon\u00a0\u00bb open_toggle_text_color=\u00a0\u00bbgcid-cc81b754-fbdf-4090-a821-2a067d6ee9d1&Prime; open_toggle_background_color=\u00a0\u00bb#f8f8f8&Prime; closed_toggle_background_color=\u00a0\u00bb#f8f8f8&Prime; icon_color=\u00a0\u00bbgcid-cc81b754-fbdf-4090-a821-2a067d6ee9d1&Prime; toggle_icon=\u00a0\u00bb&#x3b;||divi||400&Prime; _builder_version=\u00a0\u00bb4.21.0&Prime; _module_preset=\u00a0\u00bbdefault\u00a0\u00bb border_width_all=\u00a0\u00bb0px\u00a0\u00bb border_color_all=\u00a0\u00bbgcid-cc81b754-fbdf-4090-a821-2a067d6ee9d1&Prime; global_colors_info=\u00a0\u00bb{%22gcid-cc81b754-fbdf-4090-a821-2a067d6ee9d1%22:%91%22icon_color%22,%22open_toggle_text_color%22,%22border_color_all%22%93}\u00a0\u00bb toggle_font=\u00a0\u00bb|700|||||||\u00a0\u00bb closed_toggle_font=\u00a0\u00bb||||||||\u00a0\u00bb]<\/p>\n<p class=\"p1\">Si vous avez les moyens de payer imm\u00e9diatement un syst\u00e8me de radiologie, l\u2019option la plus simple est l\u2019achat. <span>Vous devenez imm\u00e9diatement propri\u00e9taire du syst\u00e8me et pouvez en faire ce que vous voulez.<\/span><\/p>\n<p>[\/et_pb_accordion_item][et_pb_accordion_item title=\u00a0\u00bbFinancement Polymed\u00a0\u00bb open_toggle_text_color=\u00a0\u00bbgcid-cc81b754-fbdf-4090-a821-2a067d6ee9d1&Prime; open_toggle_background_color=\u00a0\u00bb#f8f8f8&Prime; closed_toggle_background_color=\u00a0\u00bb#f8f8f8&Prime; icon_color=\u00a0\u00bbgcid-cc81b754-fbdf-4090-a821-2a067d6ee9d1&Prime; toggle_icon=\u00a0\u00bb&#x3b;||divi||400&Prime; _builder_version=\u00a0\u00bb4.21.0&Prime; _module_preset=\u00a0\u00bbdefault\u00a0\u00bb border_width_all=\u00a0\u00bb0px\u00a0\u00bb border_color_all=\u00a0\u00bb#7CDA24&Prime; global_colors_info=\u00a0\u00bb{%22gcid-cc81b754-fbdf-4090-a821-2a067d6ee9d1%22:%91%22icon_color%22,%22open_toggle_text_color%22,%22icon_color%22%93}\u00a0\u00bb toggle_font=\u00a0\u00bb|700|||||||\u00a0\u00bb open=\u00a0\u00bboff\u00a0\u00bb]<\/p>\n<p><span>Si vous avez besoin d&rsquo;un financement pratique et flexible, le financement Polymed est un bon choix. <\/span>En tant que client VIP Polymed, vous b\u00e9n\u00e9ficiez de notre <strong>OFFRE VIP<\/strong> avec le<em>financement Polymed<\/em><br \/><em> 0<em>,0%<\/em>: <span>vous payez l&rsquo;appareil sans int\u00e9r\u00eat et confortablement en 3 fois.<\/span><\/em><span><\/span><\/p>\n<p><strong>Le premier versement<br \/><\/strong>est effectu\u00e9 apr\u00e8s la livraison et l&rsquo;instruction \u00e0<br \/>(environ 10% du prix de vente).<\/p>\n<p><strong>Deuxi\u00e8me versement<br \/><\/strong>apr\u00e8s 6-12 mois (environ 45% du prix de vente)<\/p>\n<p><strong>Troisi\u00e8me et dernier versement<br \/><\/strong>apr\u00e8s 12-24 mois (environ 45% du prix de vente)<\/p>\n<p>[\/et_pb_accordion_item][et_pb_accordion_item title=\u00a0\u00bbLeasing\u00a0\u00bb open_toggle_text_color=\u00a0\u00bbgcid-cc81b754-fbdf-4090-a821-2a067d6ee9d1&Prime; open_toggle_background_color=\u00a0\u00bb#f8f8f8&Prime; closed_toggle_background_color=\u00a0\u00bb#f8f8f8&Prime; icon_color=\u00a0\u00bbgcid-cc81b754-fbdf-4090-a821-2a067d6ee9d1&Prime; toggle_icon=\u00a0\u00bb&#x3b;||divi||400&Prime; _builder_version=\u00a0\u00bb4.22.2&Prime; _module_preset=\u00a0\u00bbdefault\u00a0\u00bb border_width_all=\u00a0\u00bb0px\u00a0\u00bb global_colors_info=\u00a0\u00bb{%22gcid-cc81b754-fbdf-4090-a821-2a067d6ee9d1%22:%91%22icon_color%22,%22open_toggle_text_color%22,%22icon_color%22%93}\u00a0\u00bb toggle_font=\u00a0\u00bb|700|||||||\u00a0\u00bb open=\u00a0\u00bboff\u00a0\u00bb]<\/p>\n<p class=\"p1\">Profitez des avantages du leasing flexible d&rsquo;un \u00e9chographe sans engagement \u00e0 long terme. Avec notre \u00ab Vendor-Leasing \u00bb, vous payez des mensualit\u00e9s confortables &#8211; \u00e0 partir de 36 mois &#8211; et vous restez toujours \u00e0 la pointe de la technologie. A l&rsquo;expiration du contrat de leasing, vous avez le choix entre diff\u00e9rentes options :  <\/p>\n<ul class=\"ul1\">\n<li class=\"li1\">Prolongation du contrat de leasing<\/li>\n<li class=\"li1\">\u00c9change contre le mod\u00e8le le plus r\u00e9cent<\/li>\n<li class=\"li1\">Retourner l&rsquo;\u00e9chographe<\/li>\n<li class=\"li1\">Achat de l&rsquo;\u00e9chographe<\/li>\n<\/ul>\n<p>[\/et_pb_accordion_item][\/et_pb_accordion][\/et_pb_column][\/et_pb_row][\/et_pb_section][et_pb_section fb_built=\u00a0\u00bb1&Prime; disabled_on=\u00a0\u00bboff|off|off\u00a0\u00bb _builder_version=\u00a0\u00bb4.21.0&Prime; _module_preset=\u00a0\u00bbdefault\u00a0\u00bb background_color=\u00a0\u00bb#f8f8f8&Prime; custom_margin=\u00a0\u00bb||40px||false|false\u00a0\u00bb da_disable_devices=\u00a0\u00bboff|off|off\u00a0\u00bb global_colors_info=\u00a0\u00bb{}\u00a0\u00bb da_is_popup=\u00a0\u00bboff\u00a0\u00bb da_exit_intent=\u00a0\u00bboff\u00a0\u00bb da_has_close=\u00a0\u00bbon\u00a0\u00bb da_alt_close=\u00a0\u00bboff\u00a0\u00bb da_dark_close=\u00a0\u00bboff\u00a0\u00bb da_not_modal=\u00a0\u00bbon\u00a0\u00bb da_is_singular=\u00a0\u00bboff\u00a0\u00bb da_with_loader=\u00a0\u00bboff\u00a0\u00bb da_has_shadow=\u00a0\u00bbon\u00a0\u00bb][et_pb_row disabled_on=\u00a0\u00bboff|off|off\u00a0\u00bb _builder_version=\u00a0\u00bb4.21.0&Prime; _module_preset=\u00a0\u00bbdefault\u00a0\u00bb custom_padding=\u00a0\u00bb50px|||||\u00a0\u00bb global_colors_info=\u00a0\u00bb{}\u00a0\u00bb theme_builder_area=\u00a0\u00bbpost_content\u00a0\u00bb][et_pb_column type=\u00a0\u00bb4_4&Prime; _builder_version=\u00a0\u00bb4.21.0&Prime; _module_preset=\u00a0\u00bbdefault\u00a0\u00bb global_colors_info=\u00a0\u00bb{}\u00a0\u00bb theme_builder_area=\u00a0\u00bbpost_content\u00a0\u00bb][dvmd_table_maker tbl_responsive_mode=\u00a0\u00bboff\u00a0\u00bb tbl_scrolling_active=\u00a0\u00bbon\u00a0\u00bb tbl_scrolling_col_sticky=\u00a0\u00bbon\u00a0\u00bb tbl_scrolling_row_sticky=\u00a0\u00bbon\u00a0\u00bb tbl_icon_size=\u00a0\u00bb1.3em\u00a0\u00bb tbl_stripes_active=\u00a0\u00bbon\u00a0\u00bb tbl_stripes_order=\u00a0\u00bbodd\u00a0\u00bb tbl_stripes_apply=\u00a0\u00bbon|off|off|off|off\u00a0\u00bb tbl_hover_active=\u00a0\u00bbhorz\u00a0\u00bb tbl_hover_apply=\u00a0\u00bbon|off|off|on|off\u00a0\u00bb tbl_tcell_cell_color=\u00a0\u00bb#FFFFFF\u00a0\u00bb tbl_tcell_cell_align_horz=\u00a0\u00bbcenter\u00a0\u00bb tbl_tcell_cell_align_vert=\u00a0\u00bbcenter\u00a0\u00bb tbl_tcell_cell_padding=\u00a0\u00bb0px|3px|0px|3px|true|true\u00a0\u00bb tbl_chead_cell_color=\u00a0\u00bbgcid-cc81b754-fbdf-4090-a821-2a067d6ee9d1&Prime; tbl_rhead_cell_color=\u00a0\u00bbrgba(203,221,244,0.7)\u00a0\u00bb _builder_version=\u00a0\u00bb4.22.2&Prime; _module_preset=\u00a0\u00bbdefault\u00a0\u00bb tbl_tcell_text_font=\u00a0\u00bbOpen Sans||||||||\u00a0\u00bb tbl_tcell_text_font_size=\u00a0\u00bb14px\u00a0\u00bb tbl_chead_text_font=\u00a0\u00bbOpen Sans|700|||||||\u00a0\u00bb tbl_chead_text_font_size=\u00a0\u00bb16px\u00a0\u00bb tbl_rhead_text_font=\u00a0\u00bb|700|||||||\u00a0\u00bb tbl_rhead_text_text_color=\u00a0\u00bb#666666&Prime; tbl_rhead_text_font_size=\u00a0\u00bb14px\u00a0\u00bb hover_enabled=\u00a0\u00bb0&Prime; border_radii_tbl_chead_cell_border=\u00a0\u00bbon|6px|6px|6px|6px\u00a0\u00bb border_radii_tbl_rhead_cell_border=\u00a0\u00bbon|6px|6px|6px|6px\u00a0\u00bb global_colors_info=\u00a0\u00bb{%22gcid-cc81b754-fbdf-4090-a821-2a067d6ee9d1%22:%91%22tbl_chead_cell_color%22%93}\u00a0\u00bb theme_builder_area=\u00a0\u00bbpost_content\u00a0\u00bb sticky_enabled=\u00a0\u00bb0&Prime;][dvmd_table_maker_item col_content=\u00a0\u00bb<br \/>\nFlexibilit\u00e9<br \/>\nPropri\u00e9t\u00e9<br \/>\nDur\u00e9e<br \/>\nAcompte<br \/>\nTaux<br \/>\nSans int\u00e9r\u00eat<br \/>\nLiquidit\u00e9<br \/>\nElimination de l&rsquo;ancienne installation<br \/>\nLivraison &#038; montage de l&rsquo;installation<br \/>\nFormation &#038; support<br \/>\nMaintenance par Polymed\u00a0\u00bb col_rhead_cell_color=\u00a0\u00bb#cbddf4&Prime; col_column_max_width_tablet=\u00a0\u00bb\u00a0\u00bb col_column_max_width_phone=\u00a0\u00bb\u00a0\u00bb col_column_max_width_last_edited=\u00a0\u00bbon|desktop\u00a0\u00bb _builder_version=\u00a0\u00bb4.22.2&Prime; _module_preset=\u00a0\u00bbdefault\u00a0\u00bb hover_enabled=\u00a0\u00bb0&Prime; border_radii_col_tcell_cell_border=\u00a0\u00bbon|6px|6px|6px|6px\u00a0\u00bb global_colors_info=\u00a0\u00bb{}\u00a0\u00bb theme_builder_area=\u00a0\u00bbpost_content\u00a0\u00bb sticky_enabled=\u00a0\u00bb0&Prime;][\/dvmd_table_maker_item][dvmd_table_maker_item col_content=\u00a0\u00bbAchat<br \/>\n<icon style=%22color:green%22>check_alt<\/icon><br \/>\n<icon style=%22color:green%22>check_alt<\/icon><br \/>\n\u2013<br \/>\n\u2013<br \/>\n\u2013<br \/>\n<icon style=%22color:green%22>check_alt<\/icon><br \/>\n<icon style=%22color:green%22>check_alt<\/icon><br \/>\n<icon style=%22color:green%22>check_alt<\/icon><br \/>\n<icon style=%22color:green%22>check_alt<\/icon><br \/>\n<icon style=%22color:green%22>check_alt<\/icon><br \/>\n<icon style=%22color:green%22>check_alt<\/icon>\u00a0\u00bb col_icon_type=\u00a0\u00bb&#xf155;||fa||900&Prime; _builder_version=\u00a0\u00bb4.22.2&Prime; _module_preset=\u00a0\u00bbdefault\u00a0\u00bb hover_enabled=\u00a0\u00bb0&Prime; border_radii_col_tcell_cell_border=\u00a0\u00bbon|6px|6px|6px|6px\u00a0\u00bb global_colors_info=\u00a0\u00bb{}\u00a0\u00bb theme_builder_area=\u00a0\u00bbpost_content\u00a0\u00bb sticky_enabled=\u00a0\u00bb0&Prime;][\/dvmd_table_maker_item][dvmd_table_maker_item col_content=\u00a0\u00bbFinancement Polymed<br \/>\n<icon style=%22color:green%22>check_alt<\/icon><br \/>\n<icon style=%22color:green%22>check_alt<\/icon><br \/>(apr\u00e8s 0 &#8211; 2 ans)<br \/>\n0 \u2013 2 ans<br \/>\n10%<br \/>\n2 paiements partiels<br \/>\n<icon style=%22color:green%22>check_alt<\/icon><br \/>\n<icon style=%22color:green%22>check_alt<\/icon> <icon style=%22color:green%22>check_alt<\/icon><br \/>\n<icon style=%22color:green%22>check_alt<\/icon><br \/>\n<icon style=%22color:green%22>check_alt<\/icon><br \/>\n<icon style=%22color:green%22>check_alt<\/icon><br \/>\n<icon style=%22color:green%22>check_alt<\/icon>\u00a0\u00bb col_icon_type=\u00a0\u00bb&#xf155;||fa||900&Prime; _builder_version=\u00a0\u00bb4.22.2&Prime; _module_preset=\u00a0\u00bbdefault\u00a0\u00bb hover_enabled=\u00a0\u00bb0&Prime; border_radii_col_tcell_cell_border=\u00a0\u00bbon|6px|6px|6px|6px\u00a0\u00bb global_colors_info=\u00a0\u00bb{}\u00a0\u00bb theme_builder_area=\u00a0\u00bbpost_content\u00a0\u00bb sticky_enabled=\u00a0\u00bb0&Prime;][\/dvmd_table_maker_item][dvmd_table_maker_item col_content=\u00a0\u00bbLeasing<br \/>\n<icon style=%22color:green%22>check_alt<\/icon> <icon style=%22color:green%22>check_alt<\/icon><br \/>\n<icon style=%22color:red%22>close_alt<\/icon><br \/>\n3 &#8211; 6 ans<br \/>\nselon accord<br \/>\nMensualit\u00e9<br \/>\n<icon style=%22color:red%22>close_alt<\/icon> <br \/>(conditions sp\u00e9ciales en tant que partenaire Polymed)<br \/>\n<icon style=%22color : green%22>check_alt<\/icon> <icon style=%22color:green%22>check_alt<\/icon> <icon style=%22color:green%22>check_alt<\/icon><br \/>\n<icon style=%22color:green%22>check_alt<\/icon><br \/>\n<icon style=%22color:green%22>check_alt<\/icon><br \/>\n<icon style=%22color:green%22>check_alt<\/icon><br \/>\n<icon style=%22color:green%22>check_alt<\/icon>\u00a0\u00bb col_icon_type=\u00a0\u00bb&#xf155;||fa||900&Prime; _builder_version=\u00a0\u00bb4.22.2&Prime; _module_preset=\u00a0\u00bbdefault\u00a0\u00bb hover_enabled=\u00a0\u00bb0&Prime; border_radii_col_tcell_cell_border=\u00a0\u00bbon|6px|6px|6px|6px\u00a0\u00bb global_colors_info=\u00a0\u00bb{}\u00a0\u00bb theme_builder_area=\u00a0\u00bbpost_content\u00a0\u00bb sticky_enabled=\u00a0\u00bb0&Prime;][\/dvmd_table_maker_item][\/dvmd_table_maker][\/et_pb_column][\/et_pb_row][\/et_pb_section]<\/p>\n","protected":false},"excerpt":{"rendered":"<p>Possibilit\u00e9s de financementVos options :En tant que client de Polymed, vous avez le choix entre trois options de financement pour acqu\u00e9rir votre syst\u00e8me de radiographie : achat, financement Polymed et leasing. Chaque option a ses propres avantages et inconv\u00e9nients, qui peuvent \u00eatre adapt\u00e9s \u00e0 vos besoins individuels et \u00e0 vos objectifs financiers. Quelle que soit [&hellip;]<\/p>\n","protected":false},"author":1,"featured_media":0,"parent":0,"menu_order":0,"comment_status":"closed","ping_status":"closed","template":"","meta":{"_et_pb_use_builder":"on","_et_pb_old_content":"","_et_gb_content_width":"","om_disable_all_campaigns":false,"_monsterinsights_skip_tracking":false,"_monsterinsights_sitenote_active":false,"_monsterinsights_sitenote_note":"","_monsterinsights_sitenote_category":0,"footnotes":""},"dipi_cpt_category":[],"class_list":["post-2401","page","type-page","status-publish","hentry"],"_links":{"self":[{"href":"http:\/\/ultraschall.polymed.ch\/fr\/wp-json\/wp\/v2\/pages\/2401","targetHints":{"allow":["GET"]}}],"collection":[{"href":"http:\/\/ultraschall.polymed.ch\/fr\/wp-json\/wp\/v2\/pages"}],"about":[{"href":"http:\/\/ultraschall.polymed.ch\/fr\/wp-json\/wp\/v2\/types\/page"}],"author":[{"embeddable":true,"href":"http:\/\/ultraschall.polymed.ch\/fr\/wp-json\/wp\/v2\/users\/1"}],"replies":[{"embeddable":true,"href":"http:\/\/ultraschall.polymed.ch\/fr\/wp-json\/wp\/v2\/comments?post=2401"}],"version-history":[{"count":12,"href":"http:\/\/ultraschall.polymed.ch\/fr\/wp-json\/wp\/v2\/pages\/2401\/revisions"}],"predecessor-version":[{"id":3736,"href":"http:\/\/ultraschall.polymed.ch\/fr\/wp-json\/wp\/v2\/pages\/2401\/revisions\/3736"}],"wp:attachment":[{"href":"http:\/\/ultraschall.polymed.ch\/fr\/wp-json\/wp\/v2\/media?parent=2401"}],"wp:term":[{"taxonomy":"dipi_cpt_category","embeddable":true,"href":"http:\/\/ultraschall.polymed.ch\/fr\/wp-json\/wp\/v2\/dipi_cpt_category?post=2401"}],"curies":[{"name":"wp","href":"https:\/\/api.w.org\/{rel}","templated":true}]}}